{"id":1044,"date":"2024-09-01T10:19:40","date_gmt":"2024-09-01T08:19:40","guid":{"rendered":"https:\/\/www.sv-hilbeck.de\/?page_id=1044"},"modified":"2026-03-24T13:47:51","modified_gmt":"2026-03-24T12:47:51","slug":"mitglied-werden","status":"publish","type":"page","link":"https:\/\/www.sv-hilbeck.de\/?page_id=1044","title":{"rendered":"Mitglied werden"},"content":{"rendered":"\n<h2 class=\"wp-block-heading\">Werde Teil unserer Familie!<\/h2>\n\n\n\n<p>Wir sind ein vielseitiger Sportverein mit einem gro\u00dfen Angebot. Neue Mitglieder sind jederzeit willkommen. Um auch &#8222;offiziell&#8220; vom Angebot profitieren zu k\u00f6nnnen, m\u00fcssen folgende Dokumente ausgef\u00fcllt und bei einem Verantwortlichen abgegeben werden.<\/p>\n\n\n\n<h2 class=\"wp-block-heading\">Mitgliedsantrag<\/h2>\n\n\n\n<p><a href=\"https:\/\/verein.dfbnet.org\/mitgliedsantrag.php?verein=sv1947hilbeck\">ONLINE FORMULAR<\/a><\/p>\n\n\n\n<p>F\u00fcr alle neuen Mitglieder der Fu\u00dfball- und Breitensportabteilung.<\/p>\n\n\n\n<div data-wp-interactive=\"\" class=\"wp-block-file\"><object data-wp-bind--hidden=\"!selectors.core.file.hasPdfPreview\" hidden class=\"wp-block-file__embed\" data=\"https:\/\/www.sv-hilbeck.de\/wp-content\/uploads\/2026\/03\/FormErst-Beitrittserklaerung-01.2026_v1_1.pdf\" type=\"application\/pdf\" style=\"width:100%;height:600px\" aria-label=\"Einbettung von FormErst-Beitrittserklaerung-01.2026_v1_1.\"><\/object><a id=\"wp-block-file--media-760936c9-75ba-4fdc-ad6e-3785ab71571a\" href=\"https:\/\/www.sv-hilbeck.de\/wp-content\/uploads\/2026\/03\/FormErst-Beitrittserklaerung-01.2026_v1_1.pdf\">FormErst-Beitrittserklaerung-01.2026_v1_1<\/a><a href=\"https:\/\/www.sv-hilbeck.de\/wp-content\/uploads\/2026\/03\/FormErst-Beitrittserklaerung-01.2026_v1_1.pdf\" class=\"wp-block-file__button wp-element-button\" download aria-describedby=\"wp-block-file--media-760936c9-75ba-4fdc-ad6e-3785ab71571a\">Herunterladen<\/a><\/div>\n\n\n\n<h2 class=\"wp-block-heading\">Passantrag<\/h2>\n\n\n\n<p>Der Passantrag f\u00fcr den Westdeutschen Fu\u00dfballverband. F\u00fcr die Spielberechtigung der Fu\u00dfballer beim SV Hilbeck.<\/p>\n\n\n\n<div data-wp-interactive=\"\" class=\"wp-block-file\"><object data-wp-bind--hidden=\"!selectors.core.file.hasPdfPreview\" hidden class=\"wp-block-file__embed\" data=\"https:\/\/www.sv-hilbeck.de\/wp-content\/uploads\/2024\/09\/spielberechtigungsantrag.pdf\" type=\"application\/pdf\" style=\"width:100%;height:600px\" aria-label=\"Einbettung von Spielberechtigung \/ Passantrag.\"><\/object><a id=\"wp-block-file--media-d4951465-fa5e-4299-b6d2-3b1723970646\" href=\"https:\/\/www.sv-hilbeck.de\/wp-content\/uploads\/2024\/09\/spielberechtigungsantrag.pdf\">Spielberechtigung \/ Passantrag<\/a><a href=\"https:\/\/www.sv-hilbeck.de\/wp-content\/uploads\/2024\/09\/spielberechtigungsantrag.pdf\" class=\"wp-block-file__button wp-element-button\" download aria-describedby=\"wp-block-file--media-d4951465-fa5e-4299-b6d2-3b1723970646\">Herunterladen<\/a><\/div>\n\n\n\n<h2 class=\"wp-block-heading\">Datenschutzerkl\u00e4ung<\/h2>\n\n\n\n<p>Datenschutzerkl\u00e4rung f\u00fcr die Ver\u00f6ffentlichung von Passbildern im DFB.net. F\u00fcr alle Fu\u00dfballer*innen.<\/p>\n\n\n\n<div data-wp-interactive=\"\" class=\"wp-block-file\"><object data-wp-bind--hidden=\"!selectors.core.file.hasPdfPreview\" hidden class=\"wp-block-file__embed\" data=\"https:\/\/www.sv-hilbeck.de\/wp-content\/uploads\/2024\/09\/Einverstaendniserklaerung-Fotos-DFBnet.pdf\" type=\"application\/pdf\" style=\"width:100%;height:600px\" aria-label=\"Einbettung von Datenschutzerkl\u00e4rung_Fotos_DFB_NET.\"><\/object><a id=\"wp-block-file--media-9469b818-4ce5-4cf0-916c-7c8a5bea5d3f\" href=\"https:\/\/www.sv-hilbeck.de\/wp-content\/uploads\/2024\/09\/Einverstaendniserklaerung-Fotos-DFBnet.pdf\">Datenschutzerkl\u00e4rung_Fotos_DFB_NET<\/a><a href=\"https:\/\/www.sv-hilbeck.de\/wp-content\/uploads\/2024\/09\/Einverstaendniserklaerung-Fotos-DFBnet.pdf\" class=\"wp-block-file__button wp-element-button\" download aria-describedby=\"wp-block-file--media-9469b818-4ce5-4cf0-916c-7c8a5bea5d3f\">Herunterladen<\/a><\/div>\n\n\n\n<p><\/p>\n","protected":false},"excerpt":{"rendered":"<p>Werde Teil unserer Familie! Wir sind ein vielseitiger Sportverein mit einem gro\u00dfen Angebot. Neue Mitglieder sind jederzeit willkommen. Um auch &#8222;offiziell&#8220; vom Angebot profitieren zu k\u00f6nnnen, m\u00fcssen folgende Dokumente ausgef\u00fcllt und bei einem Verantwortlichen abgegeben werden. Mitgliedsantrag ONLINE FORMULAR F\u00fcr alle neuen Mitglieder der Fu\u00dfball- und Breitensportabteilung. Passantrag Der Passantrag f\u00fcr den Westdeutschen Fu\u00dfballverband. F\u00fcr &hellip; <\/p>\n<p class=\"link-more\"><a href=\"https:\/\/www.sv-hilbeck.de\/?page_id=1044\" class=\"more-link\"><span class=\"screen-reader-text\">\u201eMitglied werden\u201c<\/span> weiterlesen<\/a><\/p>\n","protected":false},"author":3,"featured_media":989,"parent":0,"menu_order":0,"comment_status":"closed","ping_status":"closed","template":"","meta":{"footnotes":""},"_links":{"self":[{"href":"https:\/\/www.sv-hilbeck.de\/index.php?rest_route=\/wp\/v2\/pages\/1044"}],"collection":[{"href":"https:\/\/www.sv-hilbeck.de\/index.php?rest_route=\/wp\/v2\/pages"}],"about":[{"href":"https:\/\/www.sv-hilbeck.de\/index.php?rest_route=\/wp\/v2\/types\/page"}],"author":[{"embeddable":true,"href":"https:\/\/www.sv-hilbeck.de\/index.php?rest_route=\/wp\/v2\/users\/3"}],"replies":[{"embeddable":true,"href":"https:\/\/www.sv-hilbeck.de\/index.php?rest_route=%2Fwp%2Fv2%2Fcomments&post=1044"}],"version-history":[{"count":9,"href":"https:\/\/www.sv-hilbeck.de\/index.php?rest_route=\/wp\/v2\/pages\/1044\/revisions"}],"predecessor-version":[{"id":1322,"href":"https:\/\/www.sv-hilbeck.de\/index.php?rest_route=\/wp\/v2\/pages\/1044\/revisions\/1322"}],"wp:featuredmedia":[{"embeddable":true,"href":"https:\/\/www.sv-hilbeck.de\/index.php?rest_route=\/wp\/v2\/media\/989"}],"wp:attachment":[{"href":"https:\/\/www.sv-hilbeck.de\/index.php?rest_route=%2Fwp%2Fv2%2Fmedia&parent=1044"}],"curies":[{"name":"wp","href":"https:\/\/api.w.org\/{rel}","templated":true}]}}