{"id":28,"date":"2018-03-16T17:31:43","date_gmt":"2018-03-16T16:31:43","guid":{"rendered":"http:\/\/www.sv-hilbeck.de\/?page_id=28"},"modified":"2024-01-25T12:54:00","modified_gmt":"2024-01-25T11:54:00","slug":"breitensport","status":"publish","type":"page","link":"https:\/\/www.sv-hilbeck.de\/?page_id=28","title":{"rendered":"Breitensport"},"content":{"rendered":"\n<div class=\"wp-block-columns alignwide are-vertically-aligned-center is-layout-flex wp-container-core-columns-layout-2 wp-block-columns-is-layout-flex\">\n<div class=\"wp-block-column is-vertically-aligned-center is-layout-flow wp-block-column-is-layout-flow\" style=\"flex-basis:100%\">\n<div class=\"wp-block-columns is-layout-flex wp-container-core-columns-layout-1 wp-block-columns-is-layout-flex\">\n<div class=\"wp-block-column is-layout-flow wp-block-column-is-layout-flow\" style=\"flex-basis:100%\">\n<h2>Unser Kursangebot<\/h2>\n<\/div>\n<\/div>\n\n\n\n<p>die Kursbeschreibungen finden Sie weiter unten<\/p>\n<\/div>\n<\/div>\n\n\n<table style=\"height: 300px; width: 100.242%; border-collapse: collapse; border-color: #000000; border-style: solid;\">\n<tbody>\n<tr style=\"height: 23px;\">\n<td style=\"width: 27.019%; height: 23px; background-color: #f0eb1e;\"><strong>Montag<\/strong><\/td>\n<td style=\"width: 42.2258%; height: 23px; background-color: #f0eb1e;\" colspan=\"2\"><\/td>\n<td style=\"width: 32.1694%; height: 23px; background-color: #f0eb1e;\">\u00dcbungsleitung<\/td>\n<\/tr>\n<tr style=\"height: 10px;\">\n<td style=\"width: 27.019%; height: 10px; border-style: solid; border-color: #050000;\">17.00 Uhr<\/td>\n<td style=\"width: 42.2258%; height: 10px; border-style: solid; border-color: #050000;\" colspan=\"2\">Tanzm\u00e4use<\/td>\n<td style=\"width: 32.1694%; height: 10px; border-style: solid; border-color: #050000;\">Lina Welp &amp; Emilie H\u00f6renbaum<\/td>\n<\/tr>\n<tr style=\"height: 10px;\">\n<td style=\"width: 27.019%; height: 10px; border-style: solid; border-color: #050000;\">18.00 Uhr<\/td>\n<td style=\"width: 42.2258%; height: 10px; border-style: solid; border-color: #050000;\" colspan=\"2\">Body Complete<\/td>\n<td style=\"width: 32.1694%; height: 10px; border-style: solid; border-color: #050000;\">Petra Perdieus<\/td>\n<\/tr>\n<tr style=\"height: 10px;\">\n<td style=\"width: 27.019%; height: 10px; border-style: solid; border-color: #050000;\">19.00 Uhr<\/td>\n<td style=\"width: 42.2258%; height: 10px; border-style: solid; border-color: #050000;\" colspan=\"2\">Rehasport Orthop\u00e4die<\/td>\n<td style=\"width: 32.1694%; height: 10px; border-style: solid; border-color: #050000;\">Petra Perdieus<\/td>\n<\/tr>\n<tr style=\"height: 10px; background-color: #f0eb1e;\">\n<td style=\"width: 27.019%; height: 10px;\"><strong>Dienstag<\/strong><\/td>\n<td style=\"width: 42.2258%; height: 10px;\" colspan=\"2\"><\/td>\n<td style=\"width: 32.1694%; height: 10px;\">\u00dcbungsleitung<\/td>\n<\/tr>\n<tr style=\"height: 10px;\">\n<td style=\"width: 27.019%; height: 10px; border-style: solid; border-color: #000000;\">15.00 Uhr (Nov. &#8211; Mrz.)<\/td>\n<td style=\"width: 42.2258%; height: 20px; border-style: solid; border-color: #000000;\" rowspan=\"2\" colspan=\"2\">Sitz Tanz<\/td>\n<td style=\"width: 32.1694%; height: 20px; border-style: solid; border-color: #000000;\" rowspan=\"2\">Anne Schr\u00f6der<\/td>\n<\/tr>\n<tr style=\"height: 10px;\">\n<td style=\"width: 27.019%; height: 10px; border-style: solid; border-color: #000000;\">16.00 Uhr (Apr. &#8211; Okt.)<\/td>\n<\/tr>\n<tr style=\"height: 10px;\">\n<td style=\"width: 27.019%; height: 10px; border-style: solid; border-color: #000000;\">18.00 Uhr<\/td>\n<td style=\"width: 42.2258%; height: 10px; border-style: solid; border-color: #000000;\" colspan=\"2\">Entspannung<\/td>\n<td style=\"width: 32.1694%; height: 10px; border-style: solid; border-color: #000000;\">Anne Schr\u00f6der<\/td>\n<\/tr>\n<tr style=\"height: 23px; background-color: #f0eb1e;\">\n<td style=\"width: 27.019%; height: 23px;\"><strong>Mittwoch<\/strong><\/td>\n<td style=\"width: 42.2258%; height: 23px;\" colspan=\"2\"><\/td>\n<td style=\"width: 32.1694%; height: 23px;\">\u00dcbungsleitung<\/td>\n<\/tr>\n<tr style=\"height: 23px;\">\n<td style=\"width: 27.019%; height: 23px; border-style: solid; border-color: #000000;\">09.00 Uhr<\/td>\n<td style=\"width: 42.2258%; height: 23px; border-style: solid; border-color: #000000;\" colspan=\"2\">Rehasport Psychatrie &#8220; Sport f\u00fcr die Seele&#8220;<\/td>\n<td style=\"width: 32.1694%; height: 23px; border-style: solid; border-color: #000000;\">Petra Perdieus<\/td>\n<\/tr>\n<tr style=\"height: 23px;\">\n<td style=\"width: 27.019%; height: 23px; border-style: solid; border-color: #000000;\">10.00 Uhr<\/td>\n<td style=\"width: 42.2258%; height: 23px; border-style: solid; border-color: #000000;\" colspan=\"2\">Rehasport Orthop\u00e4die<\/td>\n<td style=\"width: 32.1694%; height: 23px; border-style: solid; border-color: #000000;\">Petra Perdieus<\/td>\n<\/tr>\n<tr style=\"height: 23px;\">\n<td style=\"width: 27.019%; height: 23px; border-style: solid; border-color: #000000;\">11.00 Uhr<\/td>\n<td style=\"width: 42.2258%; height: 23px; border-style: solid; border-color: #000000;\" colspan=\"2\">R\u00fcckenFit<\/td>\n<td style=\"width: 32.1694%; height: 23px; border-style: solid; border-color: #000000;\">Petra Perdieus<\/td>\n<\/tr>\n<tr style=\"height: 23px;\">\n<td style=\"width: 27.019%; height: 23px; border-style: solid; border-color: #000000;\">18.00 Uhr<\/td>\n<td style=\"width: 42.2258%; height: 23px; border-style: solid; border-color: #000000;\" colspan=\"2\">Rehasport Psychatrie &#8222;Sport f\u00fcr die Seele&#8220;<\/td>\n<td style=\"width: 32.1694%; height: 23px; border-style: solid; border-color: #000000;\">Heike Danier<\/td>\n<\/tr>\n<tr style=\"height: 23px;\">\n<td style=\"width: 27.019%; height: 23px; border-style: solid; border-color: #000000;\">19.00 Uhr<\/td>\n<td style=\"width: 42.2258%; height: 23px; border-style: solid; border-color: #000000;\" colspan=\"2\">Pilates<\/td>\n<td style=\"width: 32.1694%; height: 23px; border-style: solid; border-color: #000000;\">Heike Danier<\/td>\n<\/tr>\n<tr style=\"height: 23px;\">\n<td style=\"width: 27.019%; height: 23px; border-style: solid; border-color: #000000;\">20.00 Uhr<\/td>\n<td style=\"width: 41.0381%; height: 23px; border-style: solid; border-color: #000000;\" colspan=\"2\">Faszientraining<\/td>\n<td style=\"width: 32.1694%; height: 23px; border-style: solid; border-color: #000000;\">Heike Danier<\/td>\n<\/tr>\n<tr style=\"height: 23px; background-color: #f0eb1e;\">\n<td style=\"width: 27.019%; height: 23px;\"><strong>Donnerstag<\/strong><\/td>\n<td style=\"width: 41.0381%; height: 23px;\" colspan=\"2\"><\/td>\n<td style=\"width: 32.1694%; height: 23px;\">\u00dcbungsleitung<\/td>\n<\/tr>\n<tr style=\"height: 23px;\">\n<td style=\"width: 27.019%; height: 23px; border-style: solid; border-color: #000000;\">19.00 Uhr<\/td>\n<td style=\"width: 41.0381%; height: 23px; border-style: solid; border-color: #000000;\" colspan=\"2\">Rehasport Orthop\u00e4die<\/td>\n<td style=\"width: 32.1694%; height: 23px; border-style: solid; border-color: #000000;\">Heike Danier<\/td>\n<\/tr>\n<\/tbody>\n<\/table>\n\n\n<p><\/p>\n\n\n\n<h2 class=\"wp-block-heading alignwide has-text-align-left\">Kursbeschreibungen<\/h2>\n\n\n<p><strong>Tanzm\u00e4use: Montag: 17.00 Uhr<\/strong><br \/>Die Tanzgruppe richtet sich an Kinder im Alter von 6 -10 Jahren. Hierbei stehen leichte Tanz \u2013 Choreografien im Vordergrund. Hast du Lust und Freude an Tanz und Musik dann bist du hier genau richtig!<\/p>\n<p><strong>Body Complete: Montag: 18.00 Uhr<\/strong><br \/>Ein gezieltes Ganzk\u00f6rpertraining. Trainiert wird hierbei die Ausdauer (Herz-Kreislauf-System) sowie Aufbau und Kr\u00e4ftigung der Muskulatur. Abgerundet wird die Stunde mit einer kleinen Dehnungseinheit.<\/p>\n<p><strong>R\u00fcckenFIT: Mittwoch: 11.00 Uhr<\/strong><br \/>Ein Training zur St\u00e4rkung der Rumpf- u. R\u00fcckenmuskulatur. Hier wird r\u00fcckenfreundliches Verhalten im Alltag trainiert. Dehn\u00fcbungen u. Faszienrollen verhelfen zu mehr Beweglichkeit und Vitalit\u00e4t.<\/p>\n<p><strong>Pilates: Mittwoch: 19.00 Uhr<\/strong><br \/>Systematisches Ganzk\u00f6rpertraining zur Kr\u00e4ftigung der Muskulatur &#8211; prim\u00e4r Beckenboden-, Bauch- u. R\u00fcckenmuskulatur. Das Training findet meistens auf der Matte statt und umfasst Kraft\u00fcbungen, Stretching u. eine bewusste Atmung.<\/p>\n<p><strong>Rehasport Orthop\u00e4die: Montag &amp; Donnerstag: 19 Uhr<\/strong><br \/><strong>Mittwoch: 10 Uhr<\/strong><br \/>Rehabilitationssport wird als reines Gruppentraining angeboten und von einem\/er lizensierten \u00dcbungsleiter\/in betreut. Unter anderem werden hier \u00dcbungen zur Verbesserung von Koordination, Kraft und Beweglichkeit durchgef\u00fchrt.<\/p>\n<p><strong>Rehasport Psychiatrie &#8222;Sport F\u00fcr die Seele&#8220;<\/strong><br \/><strong>Mittwoch: 9.00 &amp; 18.00 Uhr<\/strong><br \/>Auch dieses Training wird von einem\/er lizensierten \u00dcbungsleiter\/in betreut. Mit Bewegung, Spiel, Sport und Spa\u00df wollen wir ihnen anbieten ,,raus aus dem Kopf und rein in die Bewegung zu kommen\u201d- weg von negativen Gedanken, hin zum (Wieder-) Erleben der eigenen k\u00f6rperlichen F\u00e4higkeiten. Verbesserung der k\u00f6rperlichen und psychischen Belastbarkeit im Alltag.<\/p>\n<p><strong>Faszientraining: Mittwoch: 20.00 Uhr<\/strong><br \/>Bewegungstherapeutische\/ sportliche Trainingsmethode zur gezielten F\u00f6rderung des muskul\u00e4ren Bindegewebes (Faszien). Federn, Dehnen und Beleben. K\u00f6rperwahrnehmung (Faszienrollen &#8211; B\u00e4lle)<\/p>\n<p><strong>Tabata: Auf Nachfrage<\/strong><br \/>Eine Variante des Trainings HIIT &#8211; Es handelt sich um ein Ganzk\u00f6rpertraining = Ausdauer\/ Kraft. Hier wird in Intervallen trainiert. 20 Sek. Belastung\/ 10 Sek. Pause.<\/p>","protected":false},"excerpt":{"rendered":"<p>Unser Kursangebot die Kursbeschreibungen finden Sie weiter unten Montag \u00dcbungsleitung 17.00 Uhr Tanzm\u00e4use Lina Welp &amp; Emilie H\u00f6renbaum 18.00 Uhr Body Complete Petra Perdieus 19.00 Uhr Rehasport Orthop\u00e4die Petra Perdieus Dienstag \u00dcbungsleitung 15.00 Uhr (Nov. &#8211; Mrz.) Sitz Tanz Anne Schr\u00f6der 16.00 Uhr (Apr. &#8211; Okt.) 18.00 Uhr Entspannung Anne Schr\u00f6der Mittwoch \u00dcbungsleitung 09.00 Uhr &hellip; <\/p>\n<p class=\"link-more\"><a href=\"https:\/\/www.sv-hilbeck.de\/?page_id=28\" class=\"more-link\"><span class=\"screen-reader-text\">\u201eBreitensport\u201c<\/span> weiterlesen<\/a><\/p>\n","protected":false},"author":1,"featured_media":211,"parent":0,"menu_order":0,"comment_status":"closed","ping_status":"closed","template":"","meta":{"footnotes":""},"_links":{"self":[{"href":"https:\/\/www.sv-hilbeck.de\/index.php?rest_route=\/wp\/v2\/pages\/28"}],"collection":[{"href":"https:\/\/www.sv-hilbeck.de\/index.php?rest_route=\/wp\/v2\/pages"}],"about":[{"href":"https:\/\/www.sv-hilbeck.de\/index.php?rest_route=\/wp\/v2\/types\/page"}],"author":[{"embeddable":true,"href":"https:\/\/www.sv-hilbeck.de\/index.php?rest_route=\/wp\/v2\/users\/1"}],"replies":[{"embeddable":true,"href":"https:\/\/www.sv-hilbeck.de\/index.php?rest_route=%2Fwp%2Fv2%2Fcomments&post=28"}],"version-history":[{"count":32,"href":"https:\/\/www.sv-hilbeck.de\/index.php?rest_route=\/wp\/v2\/pages\/28\/revisions"}],"predecessor-version":[{"id":864,"href":"https:\/\/www.sv-hilbeck.de\/index.php?rest_route=\/wp\/v2\/pages\/28\/revisions\/864"}],"wp:featuredmedia":[{"embeddable":true,"href":"https:\/\/www.sv-hilbeck.de\/index.php?rest_route=\/wp\/v2\/media\/211"}],"wp:attachment":[{"href":"https:\/\/www.sv-hilbeck.de\/index.php?rest_route=%2Fwp%2Fv2%2Fmedia&parent=28"}],"curies":[{"name":"wp","href":"https:\/\/api.w.org\/{rel}","templated":true}]}}