{"id":30,"date":"2018-03-16T17:31:34","date_gmt":"2018-03-16T16:31:34","guid":{"rendered":"http:\/\/www.sv-hilbeck.de\/?page_id=30"},"modified":"2025-04-21T12:39:52","modified_gmt":"2025-04-21T10:39:52","slug":"fussball","status":"publish","type":"page","link":"https:\/\/www.sv-hilbeck.de\/?page_id=30","title":{"rendered":"Fu\u00dfball"},"content":{"rendered":"<p><span style=\"font-size: 14pt;\"><strong>Unsere Abteilungsleiter:<\/strong><br \/>\nAndre Weber +49(170)7472824<br \/>\n<\/span><\/p>\n<p>Philipp Paul<br \/>\nMatthias Steven<\/p>\n<p><strong>Gesch\u00e4ftsf\u00fchrer: <\/strong>Lukas D\u00f6rholt<\/p>\n<p>Beisitzer:\u00a0 Sven Salewski, Kevin Ptacek, Daniel Freitag<\/p>\n<p><strong>Sportlicher Leiter:<\/strong><br \/>\nDieter Bethlehem<\/p>\n<p>Beisitzer (Schwerpunkt Sport): Tim Scharping, Markus Keilinghaus<\/p>\n<p><img loading=\"lazy\" decoding=\"async\" class=\"alignnone size-full wp-image-1127\" title=\"Vorstand 2024\" src=\"https:\/\/www.sv-hilbeck.de\/wp-content\/uploads\/2024\/11\/20241122_2215087706965363780642634.jpg\" width=\"2000\" height=\"1317\" srcset=\"https:\/\/www.sv-hilbeck.de\/wp-content\/uploads\/2024\/11\/20241122_2215087706965363780642634.jpg 2000w, https:\/\/www.sv-hilbeck.de\/wp-content\/uploads\/2024\/11\/20241122_2215087706965363780642634-300x198.jpg 300w, https:\/\/www.sv-hilbeck.de\/wp-content\/uploads\/2024\/11\/20241122_2215087706965363780642634-1024x674.jpg 1024w, https:\/\/www.sv-hilbeck.de\/wp-content\/uploads\/2024\/11\/20241122_2215087706965363780642634-768x506.jpg 768w, https:\/\/www.sv-hilbeck.de\/wp-content\/uploads\/2024\/11\/20241122_2215087706965363780642634-1536x1011.jpg 1536w\" sizes=\"(max-width: 767px) 89vw, (max-width: 1000px) 54vw, (max-width: 1071px) 543px, 580px\" \/><\/p>\n<p>Die Fu\u00dfballabeilung gliedert sich in die drei Bereiche<br \/>\n<span style=\"color: #cf4200;\"><strong><a style=\"color: #cf4200;\" href=\"http:\/\/www.sv-hilbeck.de\/?page_id=73\">Alte Herren<\/a><\/strong><strong>,<\/strong><\/span><br \/>\n<span style=\"color: #0000ff;\"><span style=\"color: #cf4200;\"><strong><a href=\"http:\/\/www.sv-hilbeck.de\/?page_id=70\">Jugend<\/a><\/strong><\/span> <\/span>mit vier Mannschaften,<br \/>\nSenioren mit zwei Mannschaften,<span style=\"color: #cf4200;\"> <strong><a style=\"color: #cf4200;\" href=\"http:\/\/www.sv-hilbeck.de\/?page_id=43\">Senioren I<\/a><\/strong> <\/span>und<span style=\"color: #0000ff;\"><span style=\"color: #cf4200;\"><a href=\"http:\/\/www.sv-hilbeck.de\/?page_id=68\"><strong> Senioren II.<\/strong><\/a><\/span><\/span><\/p>\n","protected":false},"excerpt":{"rendered":"<p>Unsere Abteilungsleiter: Andre Weber +49(170)7472824 Philipp Paul Matthias Steven Gesch\u00e4ftsf\u00fchrer: Lukas D\u00f6rholt Beisitzer:\u00a0 Sven Salewski, Kevin Ptacek, Daniel Freitag Sportlicher Leiter: Dieter Bethlehem Beisitzer (Schwerpunkt Sport): Tim Scharping, Markus Keilinghaus Die Fu\u00dfballabeilung gliedert sich in die drei Bereiche Alte Herren, Jugend mit vier Mannschaften, Senioren mit zwei Mannschaften, Senioren I und Senioren II.<\/p>\n","protected":false},"author":1,"featured_media":1270,"parent":0,"menu_order":0,"comment_status":"closed","ping_status":"closed","template":"","meta":{"footnotes":""},"_links":{"self":[{"href":"https:\/\/www.sv-hilbeck.de\/index.php?rest_route=\/wp\/v2\/pages\/30"}],"collection":[{"href":"https:\/\/www.sv-hilbeck.de\/index.php?rest_route=\/wp\/v2\/pages"}],"about":[{"href":"https:\/\/www.sv-hilbeck.de\/index.php?rest_route=\/wp\/v2\/types\/page"}],"author":[{"embeddable":true,"href":"https:\/\/www.sv-hilbeck.de\/index.php?rest_route=\/wp\/v2\/users\/1"}],"replies":[{"embeddable":true,"href":"https:\/\/www.sv-hilbeck.de\/index.php?rest_route=%2Fwp%2Fv2%2Fcomments&post=30"}],"version-history":[{"count":26,"href":"https:\/\/www.sv-hilbeck.de\/index.php?rest_route=\/wp\/v2\/pages\/30\/revisions"}],"predecessor-version":[{"id":1274,"href":"https:\/\/www.sv-hilbeck.de\/index.php?rest_route=\/wp\/v2\/pages\/30\/revisions\/1274"}],"wp:featuredmedia":[{"embeddable":true,"href":"https:\/\/www.sv-hilbeck.de\/index.php?rest_route=\/wp\/v2\/media\/1270"}],"wp:attachment":[{"href":"https:\/\/www.sv-hilbeck.de\/index.php?rest_route=%2Fwp%2Fv2%2Fmedia&parent=30"}],"curies":[{"name":"wp","href":"https:\/\/api.w.org\/{rel}","templated":true}]}}