{"id":73,"date":"2018-03-16T19:46:24","date_gmt":"2018-03-16T18:46:24","guid":{"rendered":"http:\/\/www.sv-hilbeck.de\/?page_id=73"},"modified":"2024-07-29T18:50:31","modified_gmt":"2024-07-29T16:50:31","slug":"alte-herren","status":"publish","type":"page","link":"https:\/\/www.sv-hilbeck.de\/?page_id=73","title":{"rendered":"Alte Herren"},"content":{"rendered":"<h2><strong>ALTE HERREN VOM SV HILBECK 1947 e.V.\u00a0<\/strong><\/h2>\n<p><img loading=\"lazy\" decoding=\"async\" class=\"wp-image-270 alignnone\" alt=\"\" src=\"http:\/\/www.sv-hilbeck.de\/wp-content\/uploads\/2018\/03\/AH2.jpg\" width=\"666\" height=\"374\" srcset=\"https:\/\/www.sv-hilbeck.de\/wp-content\/uploads\/2018\/03\/AH2.jpg 3840w, https:\/\/www.sv-hilbeck.de\/wp-content\/uploads\/2018\/03\/AH2-300x169.jpg 300w, https:\/\/www.sv-hilbeck.de\/wp-content\/uploads\/2018\/03\/AH2-768x432.jpg 768w, https:\/\/www.sv-hilbeck.de\/wp-content\/uploads\/2018\/03\/AH2-1024x576.jpg 1024w\" sizes=\"(max-width: 666px) 100vw, 666px\" \/><\/p>\n<p><strong><\/strong><\/p>\n<p>Abteilungsleiter\/Pr\u00e4sident: Achim Tillmann<br \/>\nGesch\u00e4ftsf\u00fchrer: Andreas &#8222;Rex&#8220; Kr\u00e4mer<\/p>\n<p>Kassierer: Matthias Gebel<\/p>\n<p>Kontakt<span style=\"color: #cf4206;\">: <strong><a style=\"color: #cf4206;\" href=\"mailto:timo.lehn@sv-hilbecke\"><span style=\"color: #cf4206;\"><\/span><\/a> <\/strong><\/span>info@sv-hilbeck.de<\/p>\n<p><strong><span style=\"color: #0000ff;\"><a style=\"color: #0000ff;\" href=\"mailto:axel.friebe@sv-hilbeck.de\"><span style=\"color: #cf4206;\"><\/span><\/a><\/span><\/strong><span style=\"color: #0000ff;\"><\/span>Trainingszeit Sommer (Mrz. &#8211; Okt.):<br \/>\nInfos folgen<\/p>\n<p>Trainingszeit Winter (Okt &#8211; Mrz):<br \/>\nInfos folgen<\/p>\n","protected":false},"excerpt":{"rendered":"<p>ALTE HERREN VOM SV HILBECK 1947 e.V.\u00a0 Abteilungsleiter\/Pr\u00e4sident: Achim Tillmann Gesch\u00e4ftsf\u00fchrer: Andreas &#8222;Rex&#8220; Kr\u00e4mer Kassierer: Matthias Gebel Kontakt: info@sv-hilbeck.de Trainingszeit Sommer (Mrz. &#8211; Okt.): Infos folgen Trainingszeit Winter (Okt &#8211; Mrz): Infos folgen<\/p>\n","protected":false},"author":1,"featured_media":277,"parent":30,"menu_order":0,"comment_status":"closed","ping_status":"closed","template":"","meta":{"footnotes":""},"_links":{"self":[{"href":"https:\/\/www.sv-hilbeck.de\/index.php?rest_route=\/wp\/v2\/pages\/73"}],"collection":[{"href":"https:\/\/www.sv-hilbeck.de\/index.php?rest_route=\/wp\/v2\/pages"}],"about":[{"href":"https:\/\/www.sv-hilbeck.de\/index.php?rest_route=\/wp\/v2\/types\/page"}],"author":[{"embeddable":true,"href":"https:\/\/www.sv-hilbeck.de\/index.php?rest_route=\/wp\/v2\/users\/1"}],"replies":[{"embeddable":true,"href":"https:\/\/www.sv-hilbeck.de\/index.php?rest_route=%2Fwp%2Fv2%2Fcomments&post=73"}],"version-history":[{"count":28,"href":"https:\/\/www.sv-hilbeck.de\/index.php?rest_route=\/wp\/v2\/pages\/73\/revisions"}],"predecessor-version":[{"id":897,"href":"https:\/\/www.sv-hilbeck.de\/index.php?rest_route=\/wp\/v2\/pages\/73\/revisions\/897"}],"up":[{"embeddable":true,"href":"https:\/\/www.sv-hilbeck.de\/index.php?rest_route=\/wp\/v2\/pages\/30"}],"wp:featuredmedia":[{"embeddable":true,"href":"https:\/\/www.sv-hilbeck.de\/index.php?rest_route=\/wp\/v2\/media\/277"}],"wp:attachment":[{"href":"https:\/\/www.sv-hilbeck.de\/index.php?rest_route=%2Fwp%2Fv2%2Fmedia&parent=73"}],"curies":[{"name":"wp","href":"https:\/\/api.w.org\/{rel}","templated":true}]}}